{"id":42014,"date":"2015-09-10T17:18:07","date_gmt":"2015-09-10T21:18:07","guid":{"rendered":"https:\/\/athomecuracao.com\/?page_id=42014"},"modified":"2016-11-28T18:28:02","modified_gmt":"2016-11-28T18:28:02","slug":"dutch-antillean-legal-system","status":"publish","type":"page","link":"https:\/\/athomecuracao.com\/en\/dutch-antillean-legal-system\/","title":{"rendered":"Dutch Antillean legal system"},"content":{"rendered":"<h4>\nDutch Antillean legal system<\/h4>\n<p>Dutch Antillean legal system<\/p>\n<p>Even though Cura\u00e7ao and St. Maarten became autonomous countries within the Kingdom, they will provisionally continue to apply Dutch Antilles legal system. Also the \u00a0two islands will still keep the Antillean guilder (ANG) as their currency.<\/p>\n<p>Curacao and Sint Maarten have an identical tax system.<\/p>\n<p>The tax on Cura\u00e7ao distinguishes between residents (permanent living on Cura\u00e7ao) and non-residents (not permanently residing in Cura\u00e7ao but enjoying income from Curacao source). This means that a resident of the Netherlands with a vacation rental located on Cura\u00e7ao as a non-resident is subject to taxation Cura\u00e7ao.<\/p>\n<p>Source: www.eenhuisinhetbuitenland.nl\/nederlands Antillean statutory system \/ accessed on September 10, 2015.<\/p>\n","protected":false},"excerpt":{"rendered":"<p>Dutch Antillean legal system Dutch Antillean legal system Even though Cura\u00e7ao and St. Maarten became autonomous countries within the Kingdom, they will provisionally continue to apply Dutch Antilles&#8230; <a class=\"moretag\" href=\"https:\/\/athomecuracao.com\/en\/dutch-antillean-legal-system\/\">&#8230; more<\/a><\/p>\n","protected":false},"author":4841,"featured_media":0,"parent":0,"menu_order":0,"comment_status":"closed","ping_status":"closed","template":"","meta":{"_acf_changed":false,"footnotes":""},"class_list":["post-42014","page","type-page","status-publish","hentry","property"," post "],"pp_statuses_selecting_workflow":false,"pp_workflow_action":"current","pp_status_selection":"publish","acf":[],"_links":{"self":[{"href":"https:\/\/athomecuracao.com\/en\/wp-json\/wp\/v2\/pages\/42014","targetHints":{"allow":["GET"]}}],"collection":[{"href":"https:\/\/athomecuracao.com\/en\/wp-json\/wp\/v2\/pages"}],"about":[{"href":"https:\/\/athomecuracao.com\/en\/wp-json\/wp\/v2\/types\/page"}],"author":[{"embeddable":true,"href":"https:\/\/athomecuracao.com\/en\/wp-json\/wp\/v2\/users\/4841"}],"replies":[{"embeddable":true,"href":"https:\/\/athomecuracao.com\/en\/wp-json\/wp\/v2\/comments?post=42014"}],"version-history":[{"count":0,"href":"https:\/\/athomecuracao.com\/en\/wp-json\/wp\/v2\/pages\/42014\/revisions"}],"wp:attachment":[{"href":"https:\/\/athomecuracao.com\/en\/wp-json\/wp\/v2\/media?parent=42014"}],"curies":[{"name":"wp","href":"https:\/\/api.w.org\/{rel}","templated":true}]}}